{"id":528,"date":"2016-02-04T14:57:59","date_gmt":"2016-02-04T14:57:59","guid":{"rendered":"http:\/\/www.ideenversteck.de\/webneu\/?page_id=528"},"modified":"2022-09-24T07:53:36","modified_gmt":"2022-09-24T07:53:36","slug":"arbeiten","status":"publish","type":"page","link":"https:\/\/www.ideenversteck.de\/webneu\/arbeiten\/","title":{"rendered":"Arbeiten"},"content":{"rendered":"<p>ADW Recycling, S\u00fcdafrika<br \/>\n\u00c4nderungsschneiderei Agnes L\u00f6w, Bremgarten<br \/>\nAtelier &#8220;Kunst &amp; Seide&#8221;, Badenweiler<br \/>\nAutohaus Maier-Kucera, M\u00fcllheim<br \/>\nBadischer Winzerkeller eG, Breisach<br \/>\nBallettschule Scholtzova, Freiburg<br \/>\nBeton-Fertigteile Wyhlen GmbH, Grenzach-Wyhlen<br \/>\nBFS &#8211; Breisacher Fahrgast-Schiffahrt, Breisach<br \/>\nBombastic, M\u00fcllheim<br \/>\nB\u00fcrgermeisterkandidat Kandern &#8220;Johann Albrecht&#8221;, Kandern<br \/>\nBurkheimer Kr\u00e4uterhof, Vogtsburg<br \/>\nC8ter Manufacturing, S\u00fcdafrika<br \/>\nDaheim24 &#8211; Betreuung zu Hause, Schweiz<br \/>\nDruckerei Ott, Neuenburg am Rhein<br \/>\nE. Hupfer KG, Grenzach-Wyhlen<br \/>\nErzdi\u00f6zese Freiburg<br \/>\nEvaco SA, Schweiz<br \/>\nFerienwohnung &#8220;Am Hohlebach&#8221;, Schliengen<br \/>\nFerienwohnung H\u00f6ferlin, Kandern<br \/>\nfesch &amp; chic, Kandern<br \/>\nFestspiele Breisach e.V., Breisach<br \/>\nFinanzkanzlei in S\u00fcdbaden, Auggen<br \/>\nFleischrei Widmann, Hartheim<br \/>\nFMM Solutions, Neuenburg am Rhein<br \/>\nF\u00f6rderverein S\u00fcdring e.V., Neuenburg am Rhein<br \/>\nFreibad, Kandern<br \/>\nFreie W\u00e4hler, Neuenburg am Rhein<br \/>\nFridolin Apotheke, Neuenburg am Rhein<br \/>\nGasthaus Adler, Neuenburg am Rhein<br \/>\nGasthaus L\u00f6wen, Bad Krozingen<br \/>\nGewerbeverein Neuenburg e.V., Neuenburg am Rhein<br \/>\nMerle-R\u00f6hl GmbH, M\u00fcllheim<br \/>\nHotel &#8211; Restaurant &#8211; Caf\u00e9 Anika, Neuenburg am Rhein<br \/>\nHotel &#8220;Zur Krone&#8221;, Auggen<br \/>\nhotel-restaurant Pfaffenkeller, Wollbach<br \/>\nJBS &#8211; J\u00fcrgen&#8217;s Bike-Shop, Neuenburg am Rhein<br \/>\nKaffee Fredo, Neuenburg am Rhein<br \/>\nKinos im Markgr\u00e4flerland, M\u00fcllheim<br \/>\nKoch- und Schlemmerschule Stephan H\u00f6ferlin, Bad Bellingen<br \/>\nKohler &#8211; Sicherheit am Bau GmbH &amp; Co. KG<br \/>\nKommunale Wohnbaugesellschaft Steinen mbh, L\u00f6rrach<br \/>\nKosmetik-Lifestyle, Neuenburg am Rhein<br \/>\nKr\u00e4uterhof, M\u00fcllheim<br \/>\nKunstpalais Badenweiler e.V., Badenweiler<br \/>\nLOSAN Pharma GmbH, Neuenburg am Rhein<br \/>\nMarkgr\u00e4fler Wein e.V.<br \/>\nMassagepraxis &#8220;Relaxx&#8221;, Neuenburg am Rhein<br \/>\nMetzgerei &#8220;Brunner + R\u00fcdlin&#8221;, H\u00fcgelheim<br \/>\nMusikband &#8220;What 2 Do&#8221;, Freiburg<br \/>\nMusikgruppe &#8220;Segensreich&#8221;, Schliengen<br \/>\nNeues-in-Neuenburg.de &#8211; Verkehrsverein Neuenburg e.V., Neuenburg am Rhein<br \/>\nOrth &amp; Sch\u00f6pflin, L\u00f6rrach<br \/>\nPistols Saloon, S\u00fcdafrika<br \/>\nRestaurant &#8220;Au Savoir Vivr\u00e9&#8221;, Neuenburg am Rhein<br \/>\nRestaurant Flair, Neuenburg am Rhein<br \/>\nRosenst\u00fcbchen, Wiesental<br \/>\nRusan Ausbeultechnik, Buggingen<br \/>\nSchuh+Sport Haaf, M\u00fcllheim<br \/>\nSchuhhaus Grether, Badenweiler<br \/>\nSchuhhaus Lamm, Neuenburg am Rhein<br \/>\nSCHUL-DREIECK L\u00f6rrach<br \/>\n&#8220;Seniorenforum&#8221; &#8211; Kreisseniorenrat Breisgau-Hochschwarzwald, Breisach<br \/>\nSnackfit UG, Bad Rappenau<br \/>\nSparkasse Markgr\u00e4flerland<br \/>\nSternen, Auggen<br \/>\nS\u00fcMa Maier &#8211; Messe M\u00e4rkte und Events GmbH, Freiburg<br \/>\nSummerside Investments, S\u00fcdafrika<br \/>\nTheatergruppe &#8220;d&#8217;Heuwender&#8221;, Schliengen<br \/>\nTierklinik Scherzingen, Ehrenkirchen<br \/>\nTierrettungsdienst Freiburg, Ehrenkirchen<br \/>\nTonideen, Schliengen<br \/>\nTourist-Information M\u00fcllheim<br \/>\nTS-Verlag, Neuenburg am Rhein<br \/>\nTTC Ehrenkirchen<br \/>\nTuS Adelhausen &#8211; Abteilung Ringer, Adelhausen<br \/>\nVIDA world europe, Eschbach<br \/>\nW\u00e4scheparadis Gerwig, Neuenburg am Rhein<br \/>\nWEHA-Bau OHG, Grenzach-Wyhlen<br \/>\nWeingut ABRIL, Bischoffingen<br \/>\nWeingut Rainer Schlumberger, Laufen<br \/>\nWeingut &#8220;Markus B\u00fcchin&#8221;, Schliengen<br \/>\nWilli&#8217;s Weinidee, Heitersheim<br \/>\nWinzerkeller Auggener Sch\u00e4f eG<br \/>\nWOHIN im Markgr\u00e4flerland, Neuenburg am Rhein<br \/>\n&#8230;<\/p>\n","protected":false},"excerpt":{"rendered":"<p>ADW Recycling, S\u00fcdafrika \u00c4nderungsschneiderei Agnes L\u00f6w, Bremgarten Atelier &#8220;Kunst &amp; Seide&#8221;, Badenweiler Autohaus Maier-Kucera, M\u00fcllheim Badischer Winzerkeller eG, Breisach Ballettschule Scholtzova, Freiburg Beton-Fertigteile Wyhlen GmbH, Grenzach-Wyhlen BFS &#8211; Breisacher Fahrgast-Schiffahrt, Breisach Bombastic, M\u00fcllheim B\u00fcrgermeisterkandidat Kandern &#8220;Johann Albrecht&#8221;, Kandern Burkheimer Kr\u00e4uterhof, Vogtsburg C8ter Manufacturing, S\u00fcdafrika Daheim24 &#8211; Betreuung zu Hause, Schweiz Druckerei Ott, Neuenburg am Rhein [&hellip;]<\/p>\n","protected":false},"author":1,"featured_media":0,"parent":0,"menu_order":0,"comment_status":"closed","ping_status":"closed","template":"","meta":{"footnotes":""},"class_list":["post-528","page","type-page","status-publish","hentry"],"_links":{"self":[{"href":"https:\/\/www.ideenversteck.de\/webneu\/wp-json\/wp\/v2\/pages\/528"}],"collection":[{"href":"https:\/\/www.ideenversteck.de\/webneu\/wp-json\/wp\/v2\/pages"}],"about":[{"href":"https:\/\/www.ideenversteck.de\/webneu\/wp-json\/wp\/v2\/types\/page"}],"author":[{"embeddable":true,"href":"https:\/\/www.ideenversteck.de\/webneu\/wp-json\/wp\/v2\/users\/1"}],"replies":[{"embeddable":true,"href":"https:\/\/www.ideenversteck.de\/webneu\/wp-json\/wp\/v2\/comments?post=528"}],"version-history":[{"count":14,"href":"https:\/\/www.ideenversteck.de\/webneu\/wp-json\/wp\/v2\/pages\/528\/revisions"}],"predecessor-version":[{"id":656,"href":"https:\/\/www.ideenversteck.de\/webneu\/wp-json\/wp\/v2\/pages\/528\/revisions\/656"}],"wp:attachment":[{"href":"https:\/\/www.ideenversteck.de\/webneu\/wp-json\/wp\/v2\/media?parent=528"}],"curies":[{"name":"wp","href":"https:\/\/api.w.org\/{rel}","templated":true}]}}