{"id":597,"date":"2016-03-22T18:00:03","date_gmt":"2016-03-22T18:00:03","guid":{"rendered":"http:\/\/www.ideenversteck.de\/webneu\/?page_id=597"},"modified":"2020-03-16T16:26:23","modified_gmt":"2020-03-16T16:26:23","slug":"impressum","status":"publish","type":"page","link":"http:\/\/www.ideenversteck.de\/webneu\/impressum\/","title":{"rendered":"Impressum"},"content":{"rendered":"<p>ideenversteck<br \/>\nWERBE- &amp; VERMARKTUNGSAGENTUR<br \/>\nRHEINFELDENER STR. 23<br \/>\nD-79395 NEUENBURG<\/p>\n<p>PHONE: +49 (0)7631\/9742942<br \/>\nE-MAIL: info@ideenversteck.de<br \/>\nINTERNET: www.ideenversteck.de<\/p>\n<p>INHABER:<br \/>\nJ\u00d6RG STECK<\/p>\n<p>INHALTLICH VERANTWORTLICHER<br \/>\nGEM\u00c4SS \u00a7 55 ABS. 2 RSTV:<br \/>\nJ\u00d6RG STECK<\/p>\n<p>HAFTUNG F\u00dcR INHALTE:<br \/>\nDIE INHALTE UNSERER SEITEN WURDEN MIT GR\u00d6SSTER SORGFALT ERSTELLT. F\u00dcR DIE RICHTIGKEIT, VOLLST\u00c4NDIGKEIT UND AKTUALIT\u00c4T DER INHALTE K\u00d6NNEN WIR JEDOCH KEINE GEW\u00c4HR \u00dcBERNEHMEN. ALS DIENSTEANBIETER SIND WIR GEM\u00c4SS \u00a7 7 ABS.1 TMG F\u00dcR EIGENE INHALTE AUF DIESEN SEITEN NACH DEN ALLGEMEINEN GESETZEN VERANTWORTLICH. NACH \u00a7\u00a7 8 BIS 10 TMG SIND WIR ALS DIENSTEANBIETER JEDOCH NICHT VERPFLICHTET, \u00dcBERMITTELTE ODER GESPEICHERTE FREMDE INFORMATIONEN ZU \u00dcBERWACHEN ODER NACH UMST\u00c4NDEN ZU FORSCHEN, DIE AUF EINE RECHTSWIDRIGE T\u00c4TIGKEIT HINWEISEN. VERPFLICHTUNGEN ZUR ENTFERNUNG ODER SPERRUNG DER NUTZUNG VON INFORMATIONEN NACH DEN ALLGEMEINEN GESETZEN BLEIBEN HIERVON UNBER\u00dcHRT. EINE DIESBEZ\u00dcGLICHE HAFTUNG IST JEDOCH ERST AB DEM ZEITPUNKT DER KENNTNIS EINER KONKRETEN RECHTSVERLETZUNG M\u00d6GLICH. BEI BEKANNTWERDEN VON ENTSPRECHENDEN RECHTSVERLETZUNGEN WERDEN WIR DIESE INHALTE UMGEHEND ENTFERNEN.<\/p>\n<p>HAFTUNG F\u00dcR LINKS<br \/>\nUNSER ANGEBOT ENTH\u00c4LT LINKS ZU EXTERNEN WEBSEITEN DRITTER, AUF DEREN INHALTE WIR KEINEN EINFLUSS HABEN. DESHALB K\u00d6NNEN WIR F\u00dcR DIESE FREMDEN INHALTE AUCH KEINE GEW\u00c4HR \u00dcBERNEHMEN. F\u00dcR DIE INHALTE DER VERLINKTEN SEITEN IST STETS DER JEWEILIGE ANBIETER ODER BETREIBER DER SEITEN VERANTWORTLICH. DIE VERLINKTEN SEITEN WURDEN ZUM ZEITPUNKT DER VERLINKUNG AUF M\u00d6GLICHE RECHTSVERST\u00d6SSE \u00dcBERPR\u00dcFT. RECHTSWIDRIGE INHALTE WAREN ZUM ZEITPUNKT DER VERLINKUNG NICHT ERKENNBAR. EINE PERMANENTE INHALTLICHE KONTROLLE DER VERLINKTEN SEITEN IST JEDOCH OHNE KONKRETE ANHALTSPUNKTE EINER RECHTSVERLETZUNG NICHT ZUMUTBAR. BEI BEKANNTWERDEN VON RECHTSVERLETZUNGEN WERDEN WIR DERARTIGE LINKS UMGEHEND ENTFERNEN.<\/p>\n<p>URHEBERRECHT<br \/>\nDIE DURCH DIE SEITENBETREIBER ERSTELLTEN INHALTE UND WERKE AUF DIESEN SEITEN UNTERLIEGEN DEM DEUTSCHEN URHEBERRECHT. DIE VERVIELF\u00c4LTIGUNG, BEARBEITUNG, VERBREITUNG UND JEDE ART DER VERWERTUNG AUSSERHALB DER GRENZEN DES URHEBERRECHTES BED\u00dcRFEN DER SCHRIFTLICHEN ZUSTIMMUNG DES JEWEILIGEN AUTORS BZW. ERSTELLERS. DOWNLOADS UND KOPIEN DIESER SEITE SIND NUR F\u00dcR DEN PRIVATEN, NICHT KOMMERZIELLEN GEBRAUCH GESTATTET. SOWEIT DIE INHALTE AUF DIESER SEITE NICHT VOM BETREIBER ERSTELLT WURDEN, WERDEN DIE URHEBERRECHTE DRITTER BEACHTET. INSBESONDERE WERDEN INHALTE DRITTER ALS SOLCHE GEKENNZEICHNET. SOLLTEN SIE TROTZDEM AUF EINE URHEBERRECHTSVERLETZUNG AUFMERKSAM WERDEN, BITTEN WIR UM EINEN ENTSPRECHENDEN HINWEIS. BEI BEKANNTWERDEN VON RECHTSVERLETZUNGEN WERDEN WIR DERARTIGE INHALTE UMGEHEND ENTFERNEN.<\/p>\n","protected":false},"excerpt":{"rendered":"<p>ideenversteck WERBE- &amp; VERMARKTUNGSAGENTUR RHEINFELDENER STR. 23 D-79395 NEUENBURG PHONE: +49 (0)7631\/9742942 E-MAIL: info@ideenversteck.de INTERNET: www.ideenversteck.de INHABER: J\u00d6RG STECK INHALTLICH VERANTWORTLICHER GEM\u00c4SS \u00a7 55 ABS. 2 RSTV: J\u00d6RG STECK HAFTUNG F\u00dcR INHALTE: DIE INHALTE UNSERER SEITEN WURDEN MIT GR\u00d6SSTER SORGFALT ERSTELLT. F\u00dcR DIE RICHTIGKEIT, VOLLST\u00c4NDIGKEIT UND AKTUALIT\u00c4T DER INHALTE K\u00d6NNEN WIR JEDOCH KEINE GEW\u00c4HR \u00dcBERNEHMEN. [&hellip;]<\/p>\n","protected":false},"author":1,"featured_media":0,"parent":0,"menu_order":0,"comment_status":"closed","ping_status":"closed","template":"","meta":{"footnotes":""},"class_list":["post-597","page","type-page","status-publish","hentry"],"_links":{"self":[{"href":"http:\/\/www.ideenversteck.de\/webneu\/wp-json\/wp\/v2\/pages\/597"}],"collection":[{"href":"http:\/\/www.ideenversteck.de\/webneu\/wp-json\/wp\/v2\/pages"}],"about":[{"href":"http:\/\/www.ideenversteck.de\/webneu\/wp-json\/wp\/v2\/types\/page"}],"author":[{"embeddable":true,"href":"http:\/\/www.ideenversteck.de\/webneu\/wp-json\/wp\/v2\/users\/1"}],"replies":[{"embeddable":true,"href":"http:\/\/www.ideenversteck.de\/webneu\/wp-json\/wp\/v2\/comments?post=597"}],"version-history":[{"count":5,"href":"http:\/\/www.ideenversteck.de\/webneu\/wp-json\/wp\/v2\/pages\/597\/revisions"}],"predecessor-version":[{"id":642,"href":"http:\/\/www.ideenversteck.de\/webneu\/wp-json\/wp\/v2\/pages\/597\/revisions\/642"}],"wp:attachment":[{"href":"http:\/\/www.ideenversteck.de\/webneu\/wp-json\/wp\/v2\/media?parent=597"}],"curies":[{"name":"wp","href":"https:\/\/api.w.org\/{rel}","templated":true}]}}